{"id":977,"date":"2013-12-11T20:55:15","date_gmt":"2013-12-11T20:55:15","guid":{"rendered":"http:\/\/www.marcosmonterroso.com\/web\/?page_id=977"},"modified":"2017-03-25T18:22:56","modified_gmt":"2017-03-25T18:22:56","slug":"la-empresa-para-index","status":"publish","type":"page","link":"https:\/\/www.marcosmonterroso.com\/web\/la-empresa-para-index\/","title":{"rendered":"* Marcos Monterroso"},"content":{"rendered":"<h3>&nbsp;<\/h3>\n<p>Enmarcaci\u00f3n a medida de todo tipo de traballos. Expositores en toda Galicia<\/p>\n<p>Estamos en Vilamaior, no concello de Monterroso (Lugo), nun entorno paisax\u00edstico, onde a natureza \u00e9 arte e n\u00f3s, de forma artesanal enmarcamos todo tipo de materiais que nos demandan os nosos clientes, como fotos, l\u00e1minas, t\u00edtulos, diplomas, traballos manuais, espellos (con e sen bisel), puzzles, lenzos, tapices, puntos de cruz (tam\u00e9n con maquinaria para reloxo) etc.<\/p>\n","protected":false},"excerpt":{"rendered":"<p>&nbsp; Enmarcaci\u00f3n a medida de todo tipo de traballos. Expositores en toda Galicia Estamos en Vilamaior, no concello de Monterroso (Lugo), nun entorno paisax\u00edstico, onde a natureza \u00e9 arte e n\u00f3s, de forma artesanal enmarcamos todo tipo de materiais que nos demandan os nosos clientes, como fotos, l\u00e1minas, t\u00edtulos, diplomas, traballos manuais, espellos (con e [&hellip;]<\/p>\n","protected":false},"author":1,"featured_media":0,"parent":0,"menu_order":0,"comment_status":"open","ping_status":"closed","template":"","meta":{"ngg_post_thumbnail":0,"footnotes":""},"class_list":["post-977","page","type-page","status-publish","hentry"],"_links":{"self":[{"href":"https:\/\/www.marcosmonterroso.com\/web\/wp-json\/wp\/v2\/pages\/977","targetHints":{"allow":["GET"]}}],"collection":[{"href":"https:\/\/www.marcosmonterroso.com\/web\/wp-json\/wp\/v2\/pages"}],"about":[{"href":"https:\/\/www.marcosmonterroso.com\/web\/wp-json\/wp\/v2\/types\/page"}],"author":[{"embeddable":true,"href":"https:\/\/www.marcosmonterroso.com\/web\/wp-json\/wp\/v2\/users\/1"}],"replies":[{"embeddable":true,"href":"https:\/\/www.marcosmonterroso.com\/web\/wp-json\/wp\/v2\/comments?post=977"}],"version-history":[{"count":4,"href":"https:\/\/www.marcosmonterroso.com\/web\/wp-json\/wp\/v2\/pages\/977\/revisions"}],"predecessor-version":[{"id":5560,"href":"https:\/\/www.marcosmonterroso.com\/web\/wp-json\/wp\/v2\/pages\/977\/revisions\/5560"}],"wp:attachment":[{"href":"https:\/\/www.marcosmonterroso.com\/web\/wp-json\/wp\/v2\/media?parent=977"}],"curies":[{"name":"wp","href":"https:\/\/api.w.org\/{rel}","templated":true}]}}