{"id":72,"date":"2013-12-10T00:55:40","date_gmt":"2013-12-10T00:55:40","guid":{"rendered":"http:\/\/www.marcosmonterroso.com\/web\/?page_id=72"},"modified":"2017-04-02T03:02:04","modified_gmt":"2017-04-02T03:02:04","slug":"soporte-para-marcos","status":"publish","type":"page","link":"https:\/\/www.marcosmonterroso.com\/web\/servicios\/soporte-para-marcos\/","title":{"rendered":"Soporte para Marcos"},"content":{"rendered":"<p>Colocamos apoios a portafotos adapt\u00e1ndonos \u00e1 medida do mesmo. Normalmente son de madeira, met\u00e1licos ou poliuretano.<\/p>\n","protected":false},"excerpt":{"rendered":"<p>Colocamos apoios a portafotos adapt\u00e1ndonos \u00e1 medida do mesmo. Normalmente son de madeira, met\u00e1licos ou poliuretano.<\/p>\n","protected":false},"author":1,"featured_media":0,"parent":25,"menu_order":0,"comment_status":"open","ping_status":"open","template":"","meta":{"ngg_post_thumbnail":0,"footnotes":""},"class_list":["post-72","page","type-page","status-publish","hentry"],"_links":{"self":[{"href":"https:\/\/www.marcosmonterroso.com\/web\/wp-json\/wp\/v2\/pages\/72","targetHints":{"allow":["GET"]}}],"collection":[{"href":"https:\/\/www.marcosmonterroso.com\/web\/wp-json\/wp\/v2\/pages"}],"about":[{"href":"https:\/\/www.marcosmonterroso.com\/web\/wp-json\/wp\/v2\/types\/page"}],"author":[{"embeddable":true,"href":"https:\/\/www.marcosmonterroso.com\/web\/wp-json\/wp\/v2\/users\/1"}],"replies":[{"embeddable":true,"href":"https:\/\/www.marcosmonterroso.com\/web\/wp-json\/wp\/v2\/comments?post=72"}],"version-history":[{"count":2,"href":"https:\/\/www.marcosmonterroso.com\/web\/wp-json\/wp\/v2\/pages\/72\/revisions"}],"predecessor-version":[{"id":5628,"href":"https:\/\/www.marcosmonterroso.com\/web\/wp-json\/wp\/v2\/pages\/72\/revisions\/5628"}],"up":[{"embeddable":true,"href":"https:\/\/www.marcosmonterroso.com\/web\/wp-json\/wp\/v2\/pages\/25"}],"wp:attachment":[{"href":"https:\/\/www.marcosmonterroso.com\/web\/wp-json\/wp\/v2\/media?parent=72"}],"curies":[{"name":"wp","href":"https:\/\/api.w.org\/{rel}","templated":true}]}}